{"id":2,"date":"2023-09-23T08:48:10","date_gmt":"2023-09-23T08:48:10","guid":{"rendered":"https:\/\/heinzbruegger.siebenberge.com\/?page_id=2"},"modified":"2023-10-12T18:57:28","modified_gmt":"2023-10-12T18:57:28","slug":"home","status":"publish","type":"page","link":"https:\/\/heinzbruegger.siebenberge.com\/","title":{"rendered":"Home"},"content":{"rendered":"\t\t<div data-elementor-type=\"wp-page\" data-elementor-id=\"2\" class=\"elementor elementor-2\" data-elementor-post-type=\"page\">\n\t\t\t\t<div class=\"elementor-element elementor-element-56c56ee5 e-con-full e-flex e-con e-parent\" data-id=\"56c56ee5\" data-element_type=\"container\" data-e-type=\"container\" data-settings=\"{&quot;background_background&quot;:&quot;classic&quot;}\">\n\t\t<div class=\"elementor-element elementor-element-577920fb e-con-full e-flex e-con e-child\" data-id=\"577920fb\" data-element_type=\"container\" data-e-type=\"container\">\n\t\t\t\t<div class=\"elementor-element elementor-element-4f10b900 elementor-widget elementor-widget-heading\" data-id=\"4f10b900\" data-element_type=\"widget\" data-e-type=\"widget\" data-widget_type=\"heading.default\">\n\t\t\t\t<div class=\"elementor-widget-container\">\n\t\t\t\t\t<h1 class=\"elementor-heading-title elementor-size-default\">Wir bauen ihre Tr\u00e4ume.<\/h1>\t\t\t\t<\/div>\n\t\t\t\t<\/div>\n\t\t\t\t<div class=\"elementor-element elementor-element-4aa7842b elementor-widget elementor-widget-text-editor\" data-id=\"4aa7842b\" data-element_type=\"widget\" data-e-type=\"widget\" data-widget_type=\"text-editor.default\">\n\t\t\t\t<div class=\"elementor-widget-container\">\n\t\t\t\t\t\t\t\t\t<p>Ihr Partner f\u00fcr sanit\u00e4re Anlagen und Bauspenglerei im obersten Toggenburg.<\/p>\t\t\t\t\t\t\t\t<\/div>\n\t\t\t\t<\/div>\n\t\t\t\t<div class=\"elementor-element elementor-element-504cfe9c elementor-mobile-align-center elementor-widget elementor-widget-button\" data-id=\"504cfe9c\" data-element_type=\"widget\" data-e-type=\"widget\" data-widget_type=\"button.default\">\n\t\t\t\t<div class=\"elementor-widget-container\">\n\t\t\t\t\t\t\t\t\t<div class=\"elementor-button-wrapper\">\n\t\t\t\t\t<a class=\"elementor-button elementor-button-link elementor-size-sm\" href=\"#\">\n\t\t\t\t\t\t<span class=\"elementor-button-content-wrapper\">\n\t\t\t\t\t\t\t\t\t<span class=\"elementor-button-text\">Nehmen Sie Kontakt auf<\/span>\n\t\t\t\t\t<\/span>\n\t\t\t\t\t<\/a>\n\t\t\t\t<\/div>\n\t\t\t\t\t\t\t\t<\/div>\n\t\t\t\t<\/div>\n\t\t\t\t<\/div>\n\t\t<div class=\"elementor-element elementor-element-79eafec1 e-con-full e-flex e-con e-child\" data-id=\"79eafec1\" data-element_type=\"container\" data-e-type=\"container\">\n\t\t\t\t<div class=\"elementor-element elementor-element-7d2861f8 elementor-widget elementor-widget-image\" data-id=\"7d2861f8\" data-element_type=\"widget\" data-e-type=\"widget\" data-widget_type=\"image.default\">\n\t\t\t\t<div class=\"elementor-widget-container\">\n\t\t\t\t\t\t\t\t\t\t\t\t\t\t\t<img fetchpriority=\"high\" decoding=\"async\" width=\"512\" height=\"512\" src=\"https:\/\/heinzbruegger.siebenberge.com\/wp-content\/uploads\/2023\/09\/e79286c2-6b05-45e3-a4c6-2ededeb5a30a.webp\" class=\"attachment-full size-full wp-image-32\" alt=\"\" srcset=\"https:\/\/heinzbruegger.siebenberge.com\/wp-content\/uploads\/2023\/09\/e79286c2-6b05-45e3-a4c6-2ededeb5a30a.webp 512w, https:\/\/heinzbruegger.siebenberge.com\/wp-content\/uploads\/2023\/09\/e79286c2-6b05-45e3-a4c6-2ededeb5a30a-300x300.webp 300w, https:\/\/heinzbruegger.siebenberge.com\/wp-content\/uploads\/2023\/09\/e79286c2-6b05-45e3-a4c6-2ededeb5a30a-150x150.webp 150w\" sizes=\"(max-width: 512px) 100vw, 512px\" \/>\t\t\t\t\t\t\t\t\t\t\t\t\t\t\t<\/div>\n\t\t\t\t<\/div>\n\t\t\t\t<\/div>\n\t\t\t\t<\/div>\n\t\t<div class=\"elementor-element elementor-element-32d07614 e-flex e-con-boxed e-con e-parent\" data-id=\"32d07614\" data-element_type=\"container\" data-e-type=\"container\">\n\t\t\t\t\t<div class=\"e-con-inner\">\n\t\t<div class=\"elementor-element elementor-element-793be4a e-con-full e-flex e-con e-child\" data-id=\"793be4a\" data-element_type=\"container\" data-e-type=\"container\">\n\t\t<div class=\"elementor-element elementor-element-114aebce e-con-full e-flex e-con e-child\" data-id=\"114aebce\" data-element_type=\"container\" data-e-type=\"container\">\n\t\t\t\t<div class=\"elementor-element elementor-element-2ba5013a elementor-widget elementor-widget-image\" data-id=\"2ba5013a\" data-element_type=\"widget\" data-e-type=\"widget\" data-widget_type=\"image.default\">\n\t\t\t\t<div class=\"elementor-widget-container\">\n\t\t\t\t\t\t\t\t\t\t\t\t\t\t\t<img decoding=\"async\" width=\"512\" height=\"512\" src=\"https:\/\/heinzbruegger.siebenberge.com\/wp-content\/uploads\/2023\/09\/9e495753-cd0a-494e-9a03-c177731056e5.webp\" class=\"attachment-large size-large wp-image-46\" alt=\"\" srcset=\"https:\/\/heinzbruegger.siebenberge.com\/wp-content\/uploads\/2023\/09\/9e495753-cd0a-494e-9a03-c177731056e5.webp 512w, https:\/\/heinzbruegger.siebenberge.com\/wp-content\/uploads\/2023\/09\/9e495753-cd0a-494e-9a03-c177731056e5-300x300.webp 300w, https:\/\/heinzbruegger.siebenberge.com\/wp-content\/uploads\/2023\/09\/9e495753-cd0a-494e-9a03-c177731056e5-150x150.webp 150w\" sizes=\"(max-width: 512px) 100vw, 512px\" \/>\t\t\t\t\t\t\t\t\t\t\t\t\t\t\t<\/div>\n\t\t\t\t<\/div>\n\t\t\t\t<div class=\"elementor-element elementor-element-71eb6da9 elementor-widget elementor-widget-image\" data-id=\"71eb6da9\" data-element_type=\"widget\" data-e-type=\"widget\" data-widget_type=\"image.default\">\n\t\t\t\t<div class=\"elementor-widget-container\">\n\t\t\t\t\t\t\t\t\t\t\t\t\t\t\t<img decoding=\"async\" width=\"512\" height=\"512\" src=\"https:\/\/heinzbruegger.siebenberge.com\/wp-content\/uploads\/2023\/09\/03ff2c4a-09ae-4abb-8ee8-7fa47ac009fe.webp\" class=\"attachment-large size-large wp-image-47\" alt=\"\" srcset=\"https:\/\/heinzbruegger.siebenberge.com\/wp-content\/uploads\/2023\/09\/03ff2c4a-09ae-4abb-8ee8-7fa47ac009fe.webp 512w, https:\/\/heinzbruegger.siebenberge.com\/wp-content\/uploads\/2023\/09\/03ff2c4a-09ae-4abb-8ee8-7fa47ac009fe-300x300.webp 300w, https:\/\/heinzbruegger.siebenberge.com\/wp-content\/uploads\/2023\/09\/03ff2c4a-09ae-4abb-8ee8-7fa47ac009fe-150x150.webp 150w\" sizes=\"(max-width: 512px) 100vw, 512px\" \/>\t\t\t\t\t\t\t\t\t\t\t\t\t\t\t<\/div>\n\t\t\t\t<\/div>\n\t\t\t\t<\/div>\n\t\t<div class=\"elementor-element elementor-element-44e2c4f e-con-full e-flex e-con e-child\" data-id=\"44e2c4f\" data-element_type=\"container\" data-e-type=\"container\">\n\t\t\t\t<div class=\"elementor-element elementor-element-41f398d5 elementor-widget elementor-widget-image\" data-id=\"41f398d5\" data-element_type=\"widget\" data-e-type=\"widget\" data-widget_type=\"image.default\">\n\t\t\t\t<div class=\"elementor-widget-container\">\n\t\t\t\t\t\t\t\t\t\t\t\t\t\t\t<img loading=\"lazy\" decoding=\"async\" width=\"512\" height=\"512\" src=\"https:\/\/heinzbruegger.siebenberge.com\/wp-content\/uploads\/2023\/09\/1072a7c2-9df3-4163-a74b-ae741c70d0c5.webp\" class=\"attachment-large size-large wp-image-45\" alt=\"\" srcset=\"https:\/\/heinzbruegger.siebenberge.com\/wp-content\/uploads\/2023\/09\/1072a7c2-9df3-4163-a74b-ae741c70d0c5.webp 512w, https:\/\/heinzbruegger.siebenberge.com\/wp-content\/uploads\/2023\/09\/1072a7c2-9df3-4163-a74b-ae741c70d0c5-300x300.webp 300w, https:\/\/heinzbruegger.siebenberge.com\/wp-content\/uploads\/2023\/09\/1072a7c2-9df3-4163-a74b-ae741c70d0c5-150x150.webp 150w\" sizes=\"(max-width: 512px) 100vw, 512px\" \/>\t\t\t\t\t\t\t\t\t\t\t\t\t\t\t<\/div>\n\t\t\t\t<\/div>\n\t\t\t\t<div class=\"elementor-element elementor-element-7c86c58e elementor-widget elementor-widget-image\" data-id=\"7c86c58e\" data-element_type=\"widget\" data-e-type=\"widget\" data-widget_type=\"image.default\">\n\t\t\t\t<div class=\"elementor-widget-container\">\n\t\t\t\t\t\t\t\t\t\t\t\t\t\t\t<img loading=\"lazy\" decoding=\"async\" width=\"512\" height=\"512\" src=\"https:\/\/heinzbruegger.siebenberge.com\/wp-content\/uploads\/2023\/09\/f47fbf20-c952-4281-a4e0-2bae5b40bbab.webp\" class=\"attachment-large size-large wp-image-48\" alt=\"\" srcset=\"https:\/\/heinzbruegger.siebenberge.com\/wp-content\/uploads\/2023\/09\/f47fbf20-c952-4281-a4e0-2bae5b40bbab.webp 512w, https:\/\/heinzbruegger.siebenberge.com\/wp-content\/uploads\/2023\/09\/f47fbf20-c952-4281-a4e0-2bae5b40bbab-300x300.webp 300w, https:\/\/heinzbruegger.siebenberge.com\/wp-content\/uploads\/2023\/09\/f47fbf20-c952-4281-a4e0-2bae5b40bbab-150x150.webp 150w\" sizes=\"(max-width: 512px) 100vw, 512px\" \/>\t\t\t\t\t\t\t\t\t\t\t\t\t\t\t<\/div>\n\t\t\t\t<\/div>\n\t\t\t\t<\/div>\n\t\t\t\t<\/div>\n\t\t<div class=\"elementor-element elementor-element-62c2746d e-con-full e-flex e-con e-child\" data-id=\"62c2746d\" data-element_type=\"container\" data-e-type=\"container\">\n\t\t\t\t<div class=\"elementor-element elementor-element-4a4baa92 elementor-widget elementor-widget-heading\" data-id=\"4a4baa92\" data-element_type=\"widget\" data-e-type=\"widget\" data-widget_type=\"heading.default\">\n\t\t\t\t<div class=\"elementor-widget-container\">\n\t\t\t\t\t<h3 class=\"elementor-heading-title elementor-size-default\">\u00dcber uns<\/h3>\t\t\t\t<\/div>\n\t\t\t\t<\/div>\n\t\t\t\t<div class=\"elementor-element elementor-element-1061739d elementor-widget elementor-widget-text-editor\" data-id=\"1061739d\" data-element_type=\"widget\" data-e-type=\"widget\" data-widget_type=\"text-editor.default\">\n\t\t\t\t<div class=\"elementor-widget-container\">\n\t\t\t\t\t\t\t\t\t<p class=\"K\u00f6rper\"><span class=\"C-3\">Die Firma Heinz Br\u00fcgger Sanit\u00e4re Anlagen\/Bauspenglerei <\/span><span class=\"C-3\">ist ein mittelgrosses Unternehmen der Haustechnik-Branche.<\/span><\/p><p class=\"K\u00f6rper\"><span class=\"C-3\">Unsere St\u00e4rke sind die gut ausgebildeten Mitarbeiter. <\/span><span class=\"C-3\">Die sorgf\u00e4ltige und fachgerechte Ausf\u00fchrung aller Arbeiten <\/span><span class=\"C-3\">sowie unsere Flexibilit\u00e4t. Seit \u00fcber zwanzig Jahren setzen wir alles daran, Ihre<\/span><span class=\"C-3\">\u00a0W\u00fcnsche in die Tat umzusetzen.<\/span><\/p>\t\t\t\t\t\t\t\t<\/div>\n\t\t\t\t<\/div>\n\t\t\t\t<div class=\"elementor-element elementor-element-3ae190bc elementor-mobile-align-center elementor-invisible elementor-widget elementor-widget-button\" data-id=\"3ae190bc\" data-element_type=\"widget\" data-e-type=\"widget\" data-settings=\"{&quot;_animation&quot;:&quot;fadeInDown&quot;}\" data-widget_type=\"button.default\">\n\t\t\t\t<div class=\"elementor-widget-container\">\n\t\t\t\t\t\t\t\t\t<div class=\"elementor-button-wrapper\">\n\t\t\t\t\t<a class=\"elementor-button elementor-button-link elementor-size-sm\" href=\"#\">\n\t\t\t\t\t\t<span class=\"elementor-button-content-wrapper\">\n\t\t\t\t\t\t\t\t\t<span class=\"elementor-button-text\">Learn more<\/span>\n\t\t\t\t\t<\/span>\n\t\t\t\t\t<\/a>\n\t\t\t\t<\/div>\n\t\t\t\t\t\t\t\t<\/div>\n\t\t\t\t<\/div>\n\t\t\t\t<\/div>\n\t\t\t\t\t<\/div>\n\t\t\t\t<\/div>\n\t\t<div class=\"elementor-element elementor-element-30373f83 e-con-full e-flex e-con e-parent\" data-id=\"30373f83\" data-element_type=\"container\" data-e-type=\"container\" id=\"next\">\n\t\t\t\t<div class=\"elementor-element elementor-element-6877558e elementor-widget elementor-widget-heading\" data-id=\"6877558e\" data-element_type=\"widget\" data-e-type=\"widget\" data-widget_type=\"heading.default\">\n\t\t\t\t<div class=\"elementor-widget-container\">\n\t\t\t\t\t<h3 class=\"elementor-heading-title elementor-size-default\">Unser Angebot<\/h3>\t\t\t\t<\/div>\n\t\t\t\t<\/div>\n\t\t\t\t<div class=\"elementor-element elementor-element-43a2bfc elementor-widget elementor-widget-heading\" data-id=\"43a2bfc\" data-element_type=\"widget\" data-e-type=\"widget\" data-widget_type=\"heading.default\">\n\t\t\t\t<div class=\"elementor-widget-container\">\n\t\t\t\t\t<p class=\"elementor-heading-title elementor-size-default\">Wir bieten Sanit\u00e4r- und Dachdeckerarbeiten an, einschliesslich der Installation von Solarpaneelen. Wir durften bereits das Kupferdach des S\u00e4ntis und des Klosters Alt St. Johann erstellen.<\/p>\t\t\t\t<\/div>\n\t\t\t\t<\/div>\n\t\t<div class=\"elementor-element elementor-element-58e3633a e-con-full e-flex e-con e-child\" data-id=\"58e3633a\" data-element_type=\"container\" data-e-type=\"container\">\n\t\t<div class=\"elementor-element elementor-element-753c880e e-con-full e-flex e-con e-child\" data-id=\"753c880e\" data-element_type=\"container\" data-e-type=\"container\">\n\t\t\t\t<div class=\"elementor-element elementor-element-777309f1 elementor-position-top elementor-widget elementor-widget-image-box\" data-id=\"777309f1\" data-element_type=\"widget\" data-e-type=\"widget\" data-widget_type=\"image-box.default\">\n\t\t\t\t<div class=\"elementor-widget-container\">\n\t\t\t\t\t<div class=\"elementor-image-box-wrapper\"><figure class=\"elementor-image-box-img\"><a href=\"#\" tabindex=\"-1\"><img loading=\"lazy\" decoding=\"async\" width=\"512\" height=\"512\" src=\"https:\/\/heinzbruegger.siebenberge.com\/wp-content\/uploads\/2023\/09\/f47fbf20-c952-4281-a4e0-2bae5b40bbab.webp\" class=\"elementor-animation-grow attachment-full size-full wp-image-48\" alt=\"\" srcset=\"https:\/\/heinzbruegger.siebenberge.com\/wp-content\/uploads\/2023\/09\/f47fbf20-c952-4281-a4e0-2bae5b40bbab.webp 512w, https:\/\/heinzbruegger.siebenberge.com\/wp-content\/uploads\/2023\/09\/f47fbf20-c952-4281-a4e0-2bae5b40bbab-300x300.webp 300w, https:\/\/heinzbruegger.siebenberge.com\/wp-content\/uploads\/2023\/09\/f47fbf20-c952-4281-a4e0-2bae5b40bbab-150x150.webp 150w\" sizes=\"(max-width: 512px) 100vw, 512px\" \/><\/a><\/figure><div class=\"elementor-image-box-content\"><h4 class=\"elementor-image-box-title\"><a href=\"#\">Sanit\u00e4r<\/a><\/h4><p class=\"elementor-image-box-description\">A short description of the service and how the visitor will benefit from it.<\/p><\/div><\/div>\t\t\t\t<\/div>\n\t\t\t\t<\/div>\n\t\t\t\t<\/div>\n\t\t<div class=\"elementor-element elementor-element-3696e349 e-con-full e-flex e-con e-child\" data-id=\"3696e349\" data-element_type=\"container\" data-e-type=\"container\">\n\t\t\t\t<div class=\"elementor-element elementor-element-249dcad0 elementor-position-top elementor-widget elementor-widget-image-box\" data-id=\"249dcad0\" data-element_type=\"widget\" data-e-type=\"widget\" data-widget_type=\"image-box.default\">\n\t\t\t\t<div class=\"elementor-widget-container\">\n\t\t\t\t\t<div class=\"elementor-image-box-wrapper\"><figure class=\"elementor-image-box-img\"><a href=\"#\" tabindex=\"-1\"><img loading=\"lazy\" decoding=\"async\" width=\"512\" height=\"512\" src=\"https:\/\/heinzbruegger.siebenberge.com\/wp-content\/uploads\/2023\/09\/03ff2c4a-09ae-4abb-8ee8-7fa47ac009fe.webp\" class=\"elementor-animation-grow attachment-full size-full wp-image-47\" alt=\"\" srcset=\"https:\/\/heinzbruegger.siebenberge.com\/wp-content\/uploads\/2023\/09\/03ff2c4a-09ae-4abb-8ee8-7fa47ac009fe.webp 512w, https:\/\/heinzbruegger.siebenberge.com\/wp-content\/uploads\/2023\/09\/03ff2c4a-09ae-4abb-8ee8-7fa47ac009fe-300x300.webp 300w, https:\/\/heinzbruegger.siebenberge.com\/wp-content\/uploads\/2023\/09\/03ff2c4a-09ae-4abb-8ee8-7fa47ac009fe-150x150.webp 150w\" sizes=\"(max-width: 512px) 100vw, 512px\" \/><\/a><\/figure><div class=\"elementor-image-box-content\"><h4 class=\"elementor-image-box-title\"><a href=\"#\">Spenglerei<\/a><\/h4><p class=\"elementor-image-box-description\">A short description of the service and how the visitor will benefit from it.<\/p><\/div><\/div>\t\t\t\t<\/div>\n\t\t\t\t<\/div>\n\t\t\t\t<\/div>\n\t\t<div class=\"elementor-element elementor-element-7cc6b9a0 e-con-full e-flex e-con e-child\" data-id=\"7cc6b9a0\" data-element_type=\"container\" data-e-type=\"container\">\n\t\t\t\t<div class=\"elementor-element elementor-element-48f84a36 elementor-position-top elementor-widget elementor-widget-image-box\" data-id=\"48f84a36\" data-element_type=\"widget\" data-e-type=\"widget\" data-widget_type=\"image-box.default\">\n\t\t\t\t<div class=\"elementor-widget-container\">\n\t\t\t\t\t<div class=\"elementor-image-box-wrapper\"><figure class=\"elementor-image-box-img\"><a href=\"#\" tabindex=\"-1\"><img loading=\"lazy\" decoding=\"async\" width=\"512\" height=\"512\" src=\"https:\/\/heinzbruegger.siebenberge.com\/wp-content\/uploads\/2023\/09\/8e11c1f1-fa58-4cfa-b681-8eb663569cea.webp\" class=\"elementor-animation-grow attachment-full size-full wp-image-53\" alt=\"\" srcset=\"https:\/\/heinzbruegger.siebenberge.com\/wp-content\/uploads\/2023\/09\/8e11c1f1-fa58-4cfa-b681-8eb663569cea.webp 512w, https:\/\/heinzbruegger.siebenberge.com\/wp-content\/uploads\/2023\/09\/8e11c1f1-fa58-4cfa-b681-8eb663569cea-300x300.webp 300w, https:\/\/heinzbruegger.siebenberge.com\/wp-content\/uploads\/2023\/09\/8e11c1f1-fa58-4cfa-b681-8eb663569cea-150x150.webp 150w\" sizes=\"(max-width: 512px) 100vw, 512px\" \/><\/a><\/figure><div class=\"elementor-image-box-content\"><h4 class=\"elementor-image-box-title\"><a href=\"#\">Heizung<\/a><\/h4><p class=\"elementor-image-box-description\">A short description of the service and how the visitor will benefit from it.<\/p><\/div><\/div>\t\t\t\t<\/div>\n\t\t\t\t<\/div>\n\t\t\t\t<\/div>\n\t\t\t\t<\/div>\n\t\t\t\t<\/div>\n\t\t<div class=\"elementor-element elementor-element-57b54a1a e-flex e-con-boxed e-con e-parent\" data-id=\"57b54a1a\" data-element_type=\"container\" data-e-type=\"container\">\n\t\t\t\t\t<div class=\"e-con-inner\">\n\t\t\t\t<div class=\"elementor-element elementor-element-5daa387a elementor-widget elementor-widget-heading\" data-id=\"5daa387a\" data-element_type=\"widget\" data-e-type=\"widget\" data-widget_type=\"heading.default\">\n\t\t\t\t<div class=\"elementor-widget-container\">\n\t\t\t\t\t<h3 class=\"elementor-heading-title elementor-size-default\">Nehmen Sie Kontakt auf.<\/h3>\t\t\t\t<\/div>\n\t\t\t\t<\/div>\n\t\t\t\t<div class=\"elementor-element elementor-element-788d4b52 elementor-widget elementor-widget-text-editor\" data-id=\"788d4b52\" data-element_type=\"widget\" data-e-type=\"widget\" data-widget_type=\"text-editor.default\">\n\t\t\t\t<div class=\"elementor-widget-container\">\n\t\t\t\t\t\t\t\t\t<p>Wir freuen uns auf Ihre Anfrage.<\/p>\t\t\t\t\t\t\t\t<\/div>\n\t\t\t\t<\/div>\n\t\t\t\t<div class=\"elementor-element elementor-element-7a74b559 elementor-align-center elementor-mobile-align-center elementor-widget elementor-widget-button\" data-id=\"7a74b559\" data-element_type=\"widget\" data-e-type=\"widget\" data-widget_type=\"button.default\">\n\t\t\t\t<div class=\"elementor-widget-container\">\n\t\t\t\t\t\t\t\t\t<div class=\"elementor-button-wrapper\">\n\t\t\t\t\t<a class=\"elementor-button elementor-button-link elementor-size-sm\" href=\"#\">\n\t\t\t\t\t\t<span class=\"elementor-button-content-wrapper\">\n\t\t\t\t\t\t\t\t\t<span class=\"elementor-button-text\">Learn more<\/span>\n\t\t\t\t\t<\/span>\n\t\t\t\t\t<\/a>\n\t\t\t\t<\/div>\n\t\t\t\t\t\t\t\t<\/div>\n\t\t\t\t<\/div>\n\t\t\t\t\t<\/div>\n\t\t\t\t<\/div>\n\t\t<footer class=\"elementor-element elementor-element-6c32a5aa e-con-full e-flex e-con e-parent\" data-id=\"6c32a5aa\" data-element_type=\"container\" data-e-type=\"container\">\n\t\t<div class=\"elementor-element elementor-element-780e65d6 e-con-full e-flex e-con e-child\" data-id=\"780e65d6\" data-element_type=\"container\" data-e-type=\"container\">\n\t\t\t\t<div class=\"elementor-element elementor-element-229de1fd elementor-widget elementor-widget-image\" data-id=\"229de1fd\" data-element_type=\"widget\" data-e-type=\"widget\" data-widget_type=\"image.default\">\n\t\t\t\t<div class=\"elementor-widget-container\">\n\t\t\t\t\t\t\t\t\t\t\t\t\t\t\t<img decoding=\"async\" src=\"https:\/\/heinzbruegger.siebenberge.com\/wp-content\/plugins\/elementor\/assets\/images\/placeholder.png\" title=\"\" alt=\"\" loading=\"lazy\" \/>\t\t\t\t\t\t\t\t\t\t\t\t\t\t\t<\/div>\n\t\t\t\t<\/div>\n\t\t\t\t<\/div>\n\t\t<div class=\"elementor-element elementor-element-5c9d501c e-con-full e-flex e-con e-child\" data-id=\"5c9d501c\" data-element_type=\"container\" data-e-type=\"container\">\n\t\t\t\t<div class=\"elementor-element elementor-element-477483cc elementor-icon-list--layout-inline elementor-tablet-align-center elementor-align-center elementor-list-item-link-full_width elementor-widget elementor-widget-icon-list\" data-id=\"477483cc\" data-element_type=\"widget\" data-e-type=\"widget\" data-widget_type=\"icon-list.default\">\n\t\t\t\t<div class=\"elementor-widget-container\">\n\t\t\t\t\t\t\t<ul class=\"elementor-icon-list-items elementor-inline-items\">\n\t\t\t\t\t\t\t<li class=\"elementor-icon-list-item elementor-inline-item\">\n\t\t\t\t\t\t\t\t\t\t<span class=\"elementor-icon-list-text\">123-456-7890<\/span>\n\t\t\t\t\t\t\t\t\t<\/li>\n\t\t\t\t\t\t\t\t<li class=\"elementor-icon-list-item elementor-inline-item\">\n\t\t\t\t\t\t\t\t\t\t<span class=\"elementor-icon-list-text\">123 Main Street, New York, NY 10001<\/span>\n\t\t\t\t\t\t\t\t\t<\/li>\n\t\t\t\t\t\t\t\t<li class=\"elementor-icon-list-item elementor-inline-item\">\n\t\t\t\t\t\t\t\t\t\t<span class=\"elementor-icon-list-text\">Mon-Fri 9:00AM - 5:00PM<\/span>\n\t\t\t\t\t\t\t\t\t<\/li>\n\t\t\t\t\t\t<\/ul>\n\t\t\t\t\t\t<\/div>\n\t\t\t\t<\/div>\n\t\t\t\t<\/div>\n\t\t<div class=\"elementor-element elementor-element-126d0c42 e-con-full e-flex e-con e-child\" data-id=\"126d0c42\" data-element_type=\"container\" data-e-type=\"container\">\n\t\t\t\t<div class=\"elementor-element elementor-element-29912bf4 e-grid-align-right e-grid-align-tablet-right e-grid-align-mobile-center elementor-widget-mobile__width-inherit elementor-shape-rounded elementor-grid-0 elementor-widget elementor-widget-social-icons\" data-id=\"29912bf4\" data-element_type=\"widget\" data-e-type=\"widget\" data-widget_type=\"social-icons.default\">\n\t\t\t\t<div class=\"elementor-widget-container\">\n\t\t\t\t\t\t\t<div class=\"elementor-social-icons-wrapper elementor-grid\" role=\"list\">\n\t\t\t\t\t\t\t<span class=\"elementor-grid-item\" role=\"listitem\">\n\t\t\t\t\t<a class=\"elementor-icon elementor-social-icon elementor-social-icon-facebook-f elementor-repeater-item-3f1b7ac\" target=\"_blank\">\n\t\t\t\t\t\t<span class=\"elementor-screen-only\">Facebook-f<\/span>\n\t\t\t\t\t\t<i aria-hidden=\"true\" class=\"fab fa-facebook-f\"><\/i>\t\t\t\t\t<\/a>\n\t\t\t\t<\/span>\n\t\t\t\t\t\t\t<span class=\"elementor-grid-item\" role=\"listitem\">\n\t\t\t\t\t<a class=\"elementor-icon elementor-social-icon elementor-social-icon- elementor-repeater-item-5c0ce3c\" target=\"_blank\">\n\t\t\t\t\t\t<span class=\"elementor-screen-only\"><\/span>\n\t\t\t\t\t\t\t\t\t\t\t<\/a>\n\t\t\t\t<\/span>\n\t\t\t\t\t\t\t<span class=\"elementor-grid-item\" role=\"listitem\">\n\t\t\t\t\t<a class=\"elementor-icon elementor-social-icon elementor-social-icon-twitter elementor-repeater-item-828f132\" target=\"_blank\">\n\t\t\t\t\t\t<span class=\"elementor-screen-only\">Twitter<\/span>\n\t\t\t\t\t\t<i aria-hidden=\"true\" class=\"fab fa-twitter\"><\/i>\t\t\t\t\t<\/a>\n\t\t\t\t<\/span>\n\t\t\t\t\t<\/div>\n\t\t\t\t\t\t<\/div>\n\t\t\t\t<\/div>\n\t\t\t\t<\/div>\n\t\t\t\t<\/footer>\n\t\t<div class=\"elementor-element elementor-element-45b4d114 e-con-full e-flex e-con e-parent\" data-id=\"45b4d114\" data-element_type=\"container\" data-e-type=\"container\" data-settings=\"{&quot;background_background&quot;:&quot;classic&quot;}\">\n\t\t\t\t<div class=\"elementor-element elementor-element-14dd739a elementor-widget elementor-widget-heading\" data-id=\"14dd739a\" data-element_type=\"widget\" data-e-type=\"widget\" data-widget_type=\"heading.default\">\n\t\t\t\t<div class=\"elementor-widget-container\">\n\t\t\t\t\t<p class=\"elementor-heading-title elementor-size-default\">\u00a9 2026 All Rights Reserved.<\/p>\t\t\t\t<\/div>\n\t\t\t\t<\/div>\n\t\t\t\t<\/div>\n\t\t\t\t<\/div>\n\t\t","protected":false},"excerpt":{"rendered":"<p>Wir bauen ihre Tr\u00e4ume. Ihr Partner f\u00fcr sanit\u00e4re Anlagen und Bauspenglerei im obersten Toggenburg. Nehmen Sie Kontakt auf \u00dcber uns Die Firma Heinz Br\u00fcgger Sanit\u00e4re Anlagen\/Bauspenglerei ist ein mittelgrosses Unternehmen der Haustechnik-Branche. Unsere St\u00e4rke sind die gut ausgebildeten Mitarbeiter. Die sorgf\u00e4ltige und fachgerechte Ausf\u00fchrung aller Arbeiten sowie unsere Flexibilit\u00e4t. Seit \u00fcber zwanzig Jahren setzen wir [&hellip;]<\/p>\n","protected":false},"author":1,"featured_media":0,"parent":0,"menu_order":0,"comment_status":"closed","ping_status":"closed","template":"","meta":{"footnotes":""},"class_list":["post-2","page","type-page","status-publish","hentry"],"_links":{"self":[{"href":"https:\/\/heinzbruegger.siebenberge.com\/index.php\/wp-json\/wp\/v2\/pages\/2","targetHints":{"allow":["GET"]}}],"collection":[{"href":"https:\/\/heinzbruegger.siebenberge.com\/index.php\/wp-json\/wp\/v2\/pages"}],"about":[{"href":"https:\/\/heinzbruegger.siebenberge.com\/index.php\/wp-json\/wp\/v2\/types\/page"}],"author":[{"embeddable":true,"href":"https:\/\/heinzbruegger.siebenberge.com\/index.php\/wp-json\/wp\/v2\/users\/1"}],"replies":[{"embeddable":true,"href":"https:\/\/heinzbruegger.siebenberge.com\/index.php\/wp-json\/wp\/v2\/comments?post=2"}],"version-history":[{"count":37,"href":"https:\/\/heinzbruegger.siebenberge.com\/index.php\/wp-json\/wp\/v2\/pages\/2\/revisions"}],"predecessor-version":[{"id":89,"href":"https:\/\/heinzbruegger.siebenberge.com\/index.php\/wp-json\/wp\/v2\/pages\/2\/revisions\/89"}],"wp:attachment":[{"href":"https:\/\/heinzbruegger.siebenberge.com\/index.php\/wp-json\/wp\/v2\/media?parent=2"}],"curies":[{"name":"wp","href":"https:\/\/api.w.org\/{rel}","templated":true}]}}